{"id":22,"date":"2025-12-03T12:06:25","date_gmt":"2025-12-03T11:06:25","guid":{"rendered":"https:\/\/unamitea.com\/blog\/?page_id=22"},"modified":"2026-04-15T15:03:41","modified_gmt":"2026-04-15T13:03:41","slug":"blog","status":"publish","type":"page","link":"https:\/\/unamitea.com\/blog\/","title":{"rendered":"Blog"},"content":{"rendered":"\t\t<div data-elementor-type=\"wp-page\" data-elementor-id=\"22\" class=\"elementor elementor-22\" data-elementor-post-type=\"page\">\n\t\t\t\t<div class=\"elementor-element elementor-element-8882f04 e-con-full e-flex e-con e-parent\" data-id=\"8882f04\" data-element_type=\"container\">\n\t\t<div class=\"elementor-element elementor-element-bca8ffd e-flex e-con-boxed e-con e-child\" data-id=\"bca8ffd\" data-element_type=\"container\">\n\t\t\t\t\t<div class=\"e-con-inner\">\n\t\t\t\t<div class=\"elementor-element elementor-element-fefbf19 elementor-widget elementor-widget-shortcode\" data-id=\"fefbf19\" data-element_type=\"widget\" data-widget_type=\"shortcode.default\">\n\t\t\t\t\t\t\t<div class=\"elementor-shortcode\"><nav aria-label=\"breadcrumbs\" class=\"rank-math-breadcrumb\"><p><span class=\"label\">Unamitea<\/span> <span class=\"last\">Blog UnamiTea<\/span><\/p><\/nav><\/div>\n\t\t\t\t\t\t<\/div>\n\t\t\t\t\t<\/div>\n\t\t\t\t<\/div>\n\t\t<div class=\"elementor-element elementor-element-8f8c329 e-con-full e-flex e-con e-child\" data-id=\"8f8c329\" data-element_type=\"container\">\n\t\t<div class=\"elementor-element elementor-element-b4598ee e-flex e-con-boxed e-con e-child\" data-id=\"b4598ee\" data-element_type=\"container\">\n\t\t\t\t\t<div class=\"e-con-inner\">\n\t\t\t\t<div class=\"elementor-element elementor-element-48fc82e elementor-widget elementor-widget-heading\" data-id=\"48fc82e\" data-element_type=\"widget\" data-widget_type=\"heading.default\">\n\t\t\t\t\t<h1 class=\"elementor-heading-title elementor-size-default\">H1 - SEO<\/h1>\t\t\t\t<\/div>\n\t\t\t\t<div class=\"elementor-element elementor-element-c4f8ea7 elementor-widget elementor-widget-heading\" data-id=\"c4f8ea7\" data-element_type=\"widget\" data-widget_type=\"heading.default\">\n\t\t\t\t\t<p class=\"elementor-heading-title elementor-size-default\">LE BLOG<\/p>\t\t\t\t<\/div>\n\t\t\t\t<div class=\"elementor-element elementor-element-70d7a1f elementor-widget-divider--view-line elementor-widget elementor-widget-divider\" data-id=\"70d7a1f\" data-element_type=\"widget\" data-widget_type=\"divider.default\">\n\t\t\t\t\t\t\t<div class=\"elementor-divider\">\n\t\t\t<span class=\"elementor-divider-separator\">\n\t\t\t\t\t\t<\/span>\n\t\t<\/div>\n\t\t\t\t\t\t<\/div>\n\t\t\t\t<div class=\"elementor-element elementor-element-8ddc527 elementor-widget elementor-widget-text-editor\" data-id=\"8ddc527\" data-element_type=\"widget\" data-widget_type=\"text-editor.default\">\n\t\t\t\t\t\t\t\t\t<p>Plongez dans l\u2019univers du th\u00e9 \u00e0 travers nos articles : conseils de d\u00e9gustation, d\u00e9couverte des origines, rituels, bien-\u00eatre et inspirations autour d\u2019un art de vivre plus apais\u00e9. Que vous soyez d\u00e9butant ou passionn\u00e9, notre blog vous accompagne pour savourer chaque tasse autrement.<\/p>\t\t\t\t\t\t\t\t<\/div>\n\t\t\t\t\t<\/div>\n\t\t\t\t<\/div>\n\t\t\t\t<\/div>\n\t\t\t\t<\/div>\n\t\t<div class=\"elementor-element elementor-element-5dbb94d e-con-full e-flex e-con e-parent\" data-id=\"5dbb94d\" data-element_type=\"container\" data-settings=\"{&quot;background_background&quot;:&quot;classic&quot;}\">\n\t\t<div class=\"elementor-element elementor-element-df31b1a e-flex e-con-boxed e-con e-child\" data-id=\"df31b1a\" data-element_type=\"container\">\n\t\t\t\t\t<div class=\"e-con-inner\">\n\t\t\t\t<div class=\"elementor-element elementor-element-13a6c7d elementor-widget elementor-widget-heading\" data-id=\"13a6c7d\" data-element_type=\"widget\" data-widget_type=\"heading.default\">\n\t\t\t\t\t<h2 class=\"elementor-heading-title elementor-size-default\">NOS DERNIERS ARTICLES SUR L'UNIVERS D'UNAMITEA<\/h2>\t\t\t\t<\/div>\n\t\t\t\t<div class=\"elementor-element elementor-element-74becc0 elementor-widget-divider--view-line elementor-widget elementor-widget-divider\" data-id=\"74becc0\" data-element_type=\"widget\" data-widget_type=\"divider.default\">\n\t\t\t\t\t\t\t<div class=\"elementor-divider\">\n\t\t\t<span class=\"elementor-divider-separator\">\n\t\t\t\t\t\t<\/span>\n\t\t<\/div>\n\t\t\t\t\t\t<\/div>\n\t\t\t\t<div class=\"elementor-element elementor-element-9ca627d elementor-grid-tablet-3 elementor-grid-3 elementor-grid-mobile-1 elementor-posts--thumbnail-top elementor-widget elementor-widget-posts\" data-id=\"9ca627d\" data-element_type=\"widget\" data-settings=\"{&quot;classic_columns_tablet&quot;:&quot;3&quot;,&quot;classic_columns&quot;:&quot;3&quot;,&quot;classic_columns_mobile&quot;:&quot;1&quot;,&quot;classic_row_gap&quot;:{&quot;unit&quot;:&quot;px&quot;,&quot;size&quot;:35,&quot;sizes&quot;:[]},&quot;classic_row_gap_tablet&quot;:{&quot;unit&quot;:&quot;px&quot;,&quot;size&quot;:&quot;&quot;,&quot;sizes&quot;:[]},&quot;classic_row_gap_mobile&quot;:{&quot;unit&quot;:&quot;px&quot;,&quot;size&quot;:&quot;&quot;,&quot;sizes&quot;:[]}}\" data-widget_type=\"posts.classic\">\n\t\t\t\t<div class=\"elementor-widget-container\">\n\t\t\t\t\t\t\t<div class=\"elementor-posts-container elementor-posts elementor-posts--skin-classic elementor-grid\" role=\"list\">\n\t\t\t\t<article class=\"elementor-post elementor-grid-item post-1264 post type-post status-publish format-standard has-post-thumbnail hentry category-mate\" role=\"listitem\">\n\t\t\t\t<a class=\"elementor-post__thumbnail__link\" href=\"https:\/\/unamitea.com\/blog\/ou-acheter-du-mate\/\" tabindex=\"-1\" target=&quot;_blank&quot;>\n\t\t\t<div class=\"elementor-post__thumbnail\"><img fetchpriority=\"high\" decoding=\"async\" width=\"300\" height=\"300\" src=\"https:\/\/unamitea.com\/blog\/wp-content\/uploads\/2026\/03\/PaMateVertKraus-MA10285-300x300.jpg\" class=\"attachment-medium size-medium wp-image-1266\" alt=\"\" srcset=\"https:\/\/unamitea.com\/blog\/wp-content\/uploads\/2026\/03\/PaMateVertKraus-MA10285-300x300.jpg 300w, https:\/\/unamitea.com\/blog\/wp-content\/uploads\/2026\/03\/PaMateVertKraus-MA10285-150x150.jpg 150w, https:\/\/unamitea.com\/blog\/wp-content\/uploads\/2026\/03\/PaMateVertKraus-MA10285-768x768.jpg 768w, https:\/\/unamitea.com\/blog\/wp-content\/uploads\/2026\/03\/PaMateVertKraus-MA10285.jpg 800w\" sizes=\"(max-width: 300px) 100vw, 300px\" \/><\/div>\n\t\t<\/a>\n\t\t\t\t<div class=\"elementor-post__text\">\n\t\t\t\t<p class=\"elementor-post__title\">\n\t\t\t<a href=\"https:\/\/unamitea.com\/blog\/ou-acheter-du-mate\/\" target=&quot;_blank&quot;>\n\t\t\t\tO\u00f9 acheter du mat\u00e9 ?\t\t\t<\/a>\n\t\t<\/p>\n\t\t\t\t<div class=\"elementor-post__meta-data\">\n\t\t\t\t\t<span class=\"elementor-post-date\">\n\t\t\t13 avril 2026\t\t<\/span>\n\t\t\t\t<\/div>\n\t\t\t\t<div class=\"elementor-post__excerpt\">\n\t\t\t<p>Vous pouvez acheter du mat\u00e9 de haute qualit\u00e9 dans des boutiques sp\u00e9cialis\u00e9es en ligne comme Unamitea, ou dans des maisons de th\u00e9 et \u00e9piceries fines. Faire le choix d&rsquo;un revendeur<\/p>\n\t\t<\/div>\n\t\t\t\t<\/div>\n\t\t\t\t<\/article>\n\t\t\t\t<article class=\"elementor-post elementor-grid-item post-1173 post type-post status-publish format-standard has-post-thumbnail hentry category-the-vert\" role=\"listitem\">\n\t\t\t\t<a class=\"elementor-post__thumbnail__link\" href=\"https:\/\/unamitea.com\/blog\/est-ce-que-le-the-vert-empeche-de-dormir\/\" tabindex=\"-1\" target=&quot;_blank&quot;>\n\t\t\t<div class=\"elementor-post__thumbnail\"><img decoding=\"async\" width=\"300\" height=\"221\" src=\"https:\/\/unamitea.com\/blog\/wp-content\/uploads\/2026\/02\/DSC06325-1-300x221.jpg\" class=\"attachment-medium size-medium wp-image-1057\" alt=\"\" srcset=\"https:\/\/unamitea.com\/blog\/wp-content\/uploads\/2026\/02\/DSC06325-1-300x221.jpg 300w, https:\/\/unamitea.com\/blog\/wp-content\/uploads\/2026\/02\/DSC06325-1-768x566.jpg 768w, https:\/\/unamitea.com\/blog\/wp-content\/uploads\/2026\/02\/DSC06325-1.jpg 800w\" sizes=\"(max-width: 300px) 100vw, 300px\" \/><\/div>\n\t\t<\/a>\n\t\t\t\t<div class=\"elementor-post__text\">\n\t\t\t\t<p class=\"elementor-post__title\">\n\t\t\t<a href=\"https:\/\/unamitea.com\/blog\/est-ce-que-le-the-vert-empeche-de-dormir\/\" target=&quot;_blank&quot;>\n\t\t\t\tEst-ce que le th\u00e9 vert emp\u00eache de dormir ?\t\t\t<\/a>\n\t\t<\/p>\n\t\t\t\t<div class=\"elementor-post__meta-data\">\n\t\t\t\t\t<span class=\"elementor-post-date\">\n\t\t\t26 mars 2026\t\t<\/span>\n\t\t\t\t<\/div>\n\t\t\t\t<div class=\"elementor-post__excerpt\">\n\t\t\t<p>Si vous avez lu notre article sur ce qu&rsquo;est le th\u00e9 vert, vous savez qu&rsquo;il peut emp\u00eacher de dormir s\u2019il est consomm\u00e9 trop tard dans la journ\u00e9e ou en trop<\/p>\n\t\t<\/div>\n\t\t\t\t<\/div>\n\t\t\t\t<\/article>\n\t\t\t\t<article class=\"elementor-post elementor-grid-item post-1328 post type-post status-publish format-standard has-post-thumbnail hentry category-autres-infusions-et-boissons-associees\" role=\"listitem\">\n\t\t\t\t<a class=\"elementor-post__thumbnail__link\" href=\"https:\/\/unamitea.com\/blog\/definition-tisane\/\" tabindex=\"-1\" target=&quot;_blank&quot;>\n\t\t\t<div class=\"elementor-post__thumbnail\"><img decoding=\"async\" width=\"300\" height=\"171\" src=\"https:\/\/unamitea.com\/blog\/wp-content\/uploads\/2026\/03\/LeLapinSurLaLune-TFI89648-300x171.jpg\" class=\"attachment-medium size-medium wp-image-1330\" alt=\"\" srcset=\"https:\/\/unamitea.com\/blog\/wp-content\/uploads\/2026\/03\/LeLapinSurLaLune-TFI89648-300x171.jpg 300w, https:\/\/unamitea.com\/blog\/wp-content\/uploads\/2026\/03\/LeLapinSurLaLune-TFI89648-768x439.jpg 768w, https:\/\/unamitea.com\/blog\/wp-content\/uploads\/2026\/03\/LeLapinSurLaLune-TFI89648.jpg 1000w\" sizes=\"(max-width: 300px) 100vw, 300px\" \/><\/div>\n\t\t<\/a>\n\t\t\t\t<div class=\"elementor-post__text\">\n\t\t\t\t<p class=\"elementor-post__title\">\n\t\t\t<a href=\"https:\/\/unamitea.com\/blog\/definition-tisane\/\" target=&quot;_blank&quot;>\n\t\t\t\tQuelle est la d\u00e9finition d\u2019une tisane ?\t\t\t<\/a>\n\t\t<\/p>\n\t\t\t\t<div class=\"elementor-post__meta-data\">\n\t\t\t\t\t<span class=\"elementor-post-date\">\n\t\t\t26 mars 2026\t\t<\/span>\n\t\t\t\t<\/div>\n\t\t\t\t<div class=\"elementor-post__excerpt\">\n\t\t\t<p>Une tisane est une boisson obtenue par infusion de plantes, de fleurs, de fruits ou d\u2019\u00e9pices dans de l\u2019eau chaude. Naturellement sans th\u00e9ine, la tisane est appr\u00e9ci\u00e9e pour ses vertus<\/p>\n\t\t<\/div>\n\t\t\t\t<\/div>\n\t\t\t\t<\/article>\n\t\t\t\t<\/div>\n\t\t\n\t\t\t\t\t\t<\/div>\n\t\t\t\t<\/div>\n\t\t\t\t\t<\/div>\n\t\t\t\t<\/div>\n\t\t\t\t<\/div>\n\t\t<div class=\"elementor-element elementor-element-05a689a e-con-full e-flex e-con e-parent\" data-id=\"05a689a\" data-element_type=\"container\">\n\t\t<div class=\"elementor-element elementor-element-4c1c8fc e-flex e-con-boxed e-con e-child\" data-id=\"4c1c8fc\" data-element_type=\"container\">\n\t\t\t\t\t<div class=\"e-con-inner\">\n\t\t<div class=\"elementor-element elementor-element-81681c3 e-con-full e-flex e-con e-child\" data-id=\"81681c3\" data-element_type=\"container\">\n\t\t<div class=\"elementor-element elementor-element-b735c91 e-con-full link-finder e-flex e-con e-child\" data-id=\"b735c91\" data-element_type=\"container\">\n\t\t\t\t<div class=\"elementor-element elementor-element-3c27c76 elementor-widget elementor-widget-heading\" data-id=\"3c27c76\" data-element_type=\"widget\" data-widget_type=\"heading.default\">\n\t\t\t\t\t<h2 class=\"elementor-heading-title elementor-size-default\"><a href=\"\/blog\/mate\/\">D\u00e9couvrez le Mat\u00e9<\/a><\/h2>\t\t\t\t<\/div>\n\t\t\t\t<div class=\"elementor-element elementor-element-4c5c4c2 elementor-widget-divider--view-line elementor-widget elementor-widget-divider\" data-id=\"4c5c4c2\" data-element_type=\"widget\" data-widget_type=\"divider.default\">\n\t\t\t\t\t\t\t<div class=\"elementor-divider\">\n\t\t\t<span class=\"elementor-divider-separator\">\n\t\t\t\t\t\t<\/span>\n\t\t<\/div>\n\t\t\t\t\t\t<\/div>\n\t\t\t\t<div class=\"elementor-element elementor-element-63370e1 elementor-widget elementor-widget-text-editor\" data-id=\"63370e1\" data-element_type=\"widget\" data-widget_type=\"text-editor.default\">\n\t\t\t\t\t\t\t\t\t<p>Le mat\u00e9 est une boisson traditionnelle d\u2019Am\u00e9rique du Sud reconnue pour ses propri\u00e9t\u00e9s \u00e9nergisantes, antioxydantes et digestives. De plus en plus populaire, il s\u00e9duit par son go\u00fbt unique et ses effets naturels sur la concentration et le bien-\u00eatre. Que vous soyez d\u00e9butant ou amateur, notre blog vous propose des guides complets, des conseils de pr\u00e9paration, ainsi que des articles approfondis pour mieux comprendre les bienfaits du mat\u00e9 et choisir le produit adapt\u00e9 \u00e0 vos besoins.<\/p>\t\t\t\t\t\t\t\t<\/div>\n\t\t\t\t<div class=\"elementor-element elementor-element-709f3b0 elementor-widget elementor-widget-button\" data-id=\"709f3b0\" data-element_type=\"widget\" data-widget_type=\"button.default\">\n\t\t\t\t\t\t\t\t\t\t<a class=\"elementor-button elementor-size-sm\" role=\"button\">\n\t\t\t\t\t\t<span class=\"elementor-button-content-wrapper\">\n\t\t\t\t\t\t\t\t\t<span class=\"elementor-button-text\">LIRE LES ARTICLES<\/span>\n\t\t\t\t\t<\/span>\n\t\t\t\t\t<\/a>\n\t\t\t\t\t\t\t\t<\/div>\n\t\t\t\t<div class=\"elementor-element elementor-element-c4e184e elementor-widget elementor-widget-image\" data-id=\"c4e184e\" data-element_type=\"widget\" data-widget_type=\"image.default\">\n\t\t\t\t\t\t\t\t\t\t\t\t\t\t\t<img decoding=\"async\" src=\"https:\/\/unamitea.com\/blog\/wp-content\/uploads\/elementor\/thumbs\/PeintureThe1633-rkegdilkm8jeewcjmab50i55vi9l3r7c6xwpj9id9s.jpg\" title=\"PeintureThe\u03011633\" alt=\"PeintureThe\u03011633\" loading=\"lazy\" \/>\t\t\t\t\t\t\t\t\t\t\t\t\t\t\t<\/div>\n\t\t\t\t<\/div>\n\t\t<div class=\"elementor-element elementor-element-e6bf049 e-con-full link-finder e-flex e-con e-child\" data-id=\"e6bf049\" data-element_type=\"container\">\n\t\t\t\t<div class=\"elementor-element elementor-element-1ab83a8 elementor-widget elementor-widget-heading\" data-id=\"1ab83a8\" data-element_type=\"widget\" data-widget_type=\"heading.default\">\n\t\t\t\t\t<h2 class=\"elementor-heading-title elementor-size-default\"><a href=\"\/blog\/the-vert\/\">D\u00e9couvrez le Th\u00e9 vert<\/a><\/h2>\t\t\t\t<\/div>\n\t\t\t\t<div class=\"elementor-element elementor-element-81bfca7 elementor-widget-divider--view-line elementor-widget elementor-widget-divider\" data-id=\"81bfca7\" data-element_type=\"widget\" data-widget_type=\"divider.default\">\n\t\t\t\t\t\t\t<div class=\"elementor-divider\">\n\t\t\t<span class=\"elementor-divider-separator\">\n\t\t\t\t\t\t<\/span>\n\t\t<\/div>\n\t\t\t\t\t\t<\/div>\n\t\t\t\t<div class=\"elementor-element elementor-element-593d4c1 elementor-widget elementor-widget-text-editor\" data-id=\"593d4c1\" data-element_type=\"widget\" data-widget_type=\"text-editor.default\">\n\t\t\t\t\t\t\t\t\t<p>Le th\u00e9 vert est une boisson mill\u00e9naire r\u00e9put\u00e9e pour ses vertus antioxydantes, d\u00e9toxifiantes et stimulantes. Appr\u00e9ci\u00e9 pour sa fra\u00eecheur et sa richesse en nutriments, il accompagne aussi bien les moments de d\u00e9tente que les routines bien-\u00eatre. Que vous souhaitiez en savoir plus sur ses bienfaits, ses diff\u00e9rentes vari\u00e9t\u00e9s ou les meilleures m\u00e9thodes d\u2019infusion, notre blog vous guide \u00e0 travers des articles complets et accessibles.<\/p>\t\t\t\t\t\t\t\t<\/div>\n\t\t\t\t<div class=\"elementor-element elementor-element-85b8499 elementor-widget elementor-widget-button\" data-id=\"85b8499\" data-element_type=\"widget\" data-widget_type=\"button.default\">\n\t\t\t\t\t\t\t\t\t\t<a class=\"elementor-button elementor-size-sm\" role=\"button\">\n\t\t\t\t\t\t<span class=\"elementor-button-content-wrapper\">\n\t\t\t\t\t\t\t\t\t<span class=\"elementor-button-text\">LIRE LES ARTICLES<\/span>\n\t\t\t\t\t<\/span>\n\t\t\t\t\t<\/a>\n\t\t\t\t\t\t\t\t<\/div>\n\t\t\t\t<div class=\"elementor-element elementor-element-8a3035a elementor-widget elementor-widget-image\" data-id=\"8a3035a\" data-element_type=\"widget\" data-widget_type=\"image.default\">\n\t\t\t\t\t\t\t\t\t\t\t\t\t\t\t<img decoding=\"async\" src=\"https:\/\/unamitea.com\/blog\/wp-content\/uploads\/elementor\/thumbs\/Darjeeling2-1-rkcsmc4loxqhtv21zxdi4uhbsv5o4y63fl9hd133cg.jpg\" title=\"Darjeeling2\" alt=\"Darjeeling2\" loading=\"lazy\" \/>\t\t\t\t\t\t\t\t\t\t\t\t\t\t\t<\/div>\n\t\t\t\t<\/div>\n\t\t\t\t<\/div>\n\t\t<div class=\"elementor-element elementor-element-7d45e3c e-con-full e-flex e-con e-child\" data-id=\"7d45e3c\" data-element_type=\"container\">\n\t\t<div class=\"elementor-element elementor-element-a059256 e-con-full e-flex e-con e-child\" data-id=\"a059256\" data-element_type=\"container\">\n\t\t<div class=\"elementor-element elementor-element-5f6769e e-con-full link-finder e-flex e-con e-child\" data-id=\"5f6769e\" data-element_type=\"container\">\n\t\t\t\t<div class=\"elementor-element elementor-element-4425c37 elementor-widget elementor-widget-heading\" data-id=\"4425c37\" data-element_type=\"widget\" data-widget_type=\"heading.default\">\n\t\t\t\t\t<h2 class=\"elementor-heading-title elementor-size-default\"><a href=\"http:\/\/blog\/autres-infusions-et-boissons-associees\/\">D\u00e9couvrez les autres infusions et boissons associ\u00e9es<\/a><\/h2>\t\t\t\t<\/div>\n\t\t\t\t<div class=\"elementor-element elementor-element-bbf4454 elementor-widget-divider--view-line elementor-widget elementor-widget-divider\" data-id=\"bbf4454\" data-element_type=\"widget\" data-widget_type=\"divider.default\">\n\t\t\t\t\t\t\t<div class=\"elementor-divider\">\n\t\t\t<span class=\"elementor-divider-separator\">\n\t\t\t\t\t\t<\/span>\n\t\t<\/div>\n\t\t\t\t\t\t<\/div>\n\t\t\t\t<div class=\"elementor-element elementor-element-75d0df1 elementor-widget elementor-widget-text-editor\" data-id=\"75d0df1\" data-element_type=\"widget\" data-widget_type=\"text-editor.default\">\n\t\t\t\t\t\t\t\t\t<p>Au-del\u00e0 du th\u00e9 et du mat\u00e9, de nombreuses infusions et boissons naturelles offrent des saveurs vari\u00e9es et des bienfaits sp\u00e9cifiques. Tisanes relaxantes, infusions digestives, rooibos, boissons traditionnelles\u2026 chaque pr\u00e9paration poss\u00e8de ses propres caract\u00e9ristiques et vertus. Que vous recherchiez une alternative sans th\u00e9ine, une solution bien-\u00eatre ou simplement de nouvelles saveurs \u00e0 explorer, notre blog vous accompagne avec des conseils, des guides et des articles d\u00e9di\u00e9s.<\/p>\t\t\t\t\t\t\t\t<\/div>\n\t\t\t\t<div class=\"elementor-element elementor-element-9f0eb4a elementor-widget elementor-widget-button\" data-id=\"9f0eb4a\" data-element_type=\"widget\" data-widget_type=\"button.default\">\n\t\t\t\t\t\t\t\t\t\t<a class=\"elementor-button elementor-size-sm\" role=\"button\">\n\t\t\t\t\t\t<span class=\"elementor-button-content-wrapper\">\n\t\t\t\t\t\t\t\t\t<span class=\"elementor-button-text\">LIRE L'ARTICLE<\/span>\n\t\t\t\t\t<\/span>\n\t\t\t\t\t<\/a>\n\t\t\t\t\t\t\t\t<\/div>\n\t\t\t\t<div class=\"elementor-element elementor-element-8243d8d elementor-widget elementor-widget-image\" data-id=\"8243d8d\" data-element_type=\"widget\" data-widget_type=\"image.default\">\n\t\t\t\t\t\t\t\t\t\t\t\t\t\t\t<img decoding=\"async\" src=\"https:\/\/unamitea.com\/blog\/wp-content\/uploads\/elementor\/thumbs\/jardin-de-badamtam-darjeeling-first-flush-dj-06-sftgfop1-2025-rkcsie6t54tccvc4u8n16a2r90e5j9sc22tis7dnes.jpg\" title=\"jardin-de-badamtam-darjeeling-first-flush-dj-06-sftgfop1-2025\" alt=\"jardin-de-badamtam-darjeeling-first-flush-dj-06-sftgfop1-2025\" loading=\"lazy\" \/>\t\t\t\t\t\t\t\t\t\t\t\t\t\t\t<\/div>\n\t\t\t\t<\/div>\n\t\t\t\t<\/div>\n\t\t\t\t<\/div>\n\t\t\t\t\t<\/div>\n\t\t\t\t<\/div>\n\t\t\t\t<\/div>\n\t\t\t\t<\/div>\n\t\t","protected":false},"excerpt":{"rendered":"<p>H1 &#8211; SEO LE BLOG Plongez dans l\u2019univers du th\u00e9 \u00e0 travers nos articles : conseils de d\u00e9gustation, d\u00e9couverte des origines, rituels, bien-\u00eatre et inspirations autour d\u2019un art de vivre plus apais\u00e9. Que vous soyez d\u00e9butant ou passionn\u00e9, notre blog vous accompagne pour savourer chaque tasse autrement. NOS DERNIERS ARTICLES SUR L&rsquo;UNIVERS D&rsquo;UNAMITEA D\u00e9couvrez le [&hellip;]<\/p>\n","protected":false},"author":1,"featured_media":0,"parent":0,"menu_order":0,"comment_status":"closed","ping_status":"closed","template":"","meta":{"footnotes":""},"class_list":["post-22","page","type-page","status-publish","hentry"],"_links":{"self":[{"href":"https:\/\/unamitea.com\/blog\/wp-json\/wp\/v2\/pages\/22","targetHints":{"allow":["GET"]}}],"collection":[{"href":"https:\/\/unamitea.com\/blog\/wp-json\/wp\/v2\/pages"}],"about":[{"href":"https:\/\/unamitea.com\/blog\/wp-json\/wp\/v2\/types\/page"}],"author":[{"embeddable":true,"href":"https:\/\/unamitea.com\/blog\/wp-json\/wp\/v2\/users\/1"}],"replies":[{"embeddable":true,"href":"https:\/\/unamitea.com\/blog\/wp-json\/wp\/v2\/comments?post=22"}],"version-history":[{"count":122,"href":"https:\/\/unamitea.com\/blog\/wp-json\/wp\/v2\/pages\/22\/revisions"}],"predecessor-version":[{"id":1429,"href":"https:\/\/unamitea.com\/blog\/wp-json\/wp\/v2\/pages\/22\/revisions\/1429"}],"wp:attachment":[{"href":"https:\/\/unamitea.com\/blog\/wp-json\/wp\/v2\/media?parent=22"}],"curies":[{"name":"wp","href":"https:\/\/api.w.org\/{rel}","templated":true}]}}